{"id":1143,"date":"2025-04-03T11:48:46","date_gmt":"2025-04-03T11:48:46","guid":{"rendered":"https:\/\/clinicacingulus.com.br\/?page_id=1143"},"modified":"2025-06-09T02:06:18","modified_gmt":"2025-06-09T02:06:18","slug":"fonoaudiologia-2","status":"publish","type":"page","link":"https:\/\/staging.clinicacingulus.com.br\/teste\/fonoaudiologia-2\/","title":{"rendered":"Terapias Integradas"},"content":{"rendered":"<style>.elementor-1143 .elementor-element.elementor-element-436307be:not(.elementor-motion-effects-element-type-background), .elementor-1143 .elementor-element.elementor-element-436307be > .elementor-motion-effects-container > .elementor-motion-effects-layer{background-color:var( --e-global-color-secondary );}.elementor-1143 .elementor-element.elementor-element-436307be > .elementor-background-overlay{background-color:var( --e-global-color-ee7332c );opacity:0.5;transition:background 0.3s, border-radius 0.3s, opacity 0.3s;}.elementor-1143 .elementor-element.elementor-element-436307be{transition:background 0.3s, border 0.3s, border-radius 0.3s, box-shadow 0.3s;margin-top:0px;margin-bottom:0px;padding:70px 0px 70px 0px;z-index:0;}.elementor-1143 .elementor-element.elementor-element-3bcbc105 > .elementor-widget-wrap > .elementor-widget:not(.elementor-widget__width-auto):not(.elementor-widget__width-initial):not(:last-child):not(.elementor-absolute){margin-block-end:0px;}.elementor-1143 .elementor-element.elementor-element-3bcbc105 > .elementor-element-populated{margin:0px 0px 0px 0px;--e-column-margin-right:0px;--e-column-margin-left:0px;padding:0px 0px 0px 0px;}.elementor-1143 .elementor-element.elementor-element-3be6121b{text-align:center;z-index:1;}.elementor-1143 .elementor-element.elementor-element-3be6121b .elementor-heading-title{font-family:var( --e-global-typography-f772385-font-family ), Sans-serif;font-size:var( --e-global-typography-f772385-font-size );font-weight:var( --e-global-typography-f772385-font-weight );text-transform:var( --e-global-typography-f772385-text-transform );line-height:var( --e-global-typography-f772385-line-height );letter-spacing:var( --e-global-typography-f772385-letter-spacing );word-spacing:var( --e-global-typography-f772385-word-spacing );color:var( --e-global-color-c6dbb53 );}.elementor-1143 .elementor-element.elementor-element-3be6121b > .elementor-widget-container{margin:0px 0px 0px 0px;padding:0px 0px 0px 0px;}.elementor-1143 .elementor-element.elementor-element-54a37887{margin-top:0px;margin-bottom:100px;padding:75px 0px 0px 0px;}.elementor-1143 .elementor-element.elementor-element-1b5a20d5 > .elementor-widget-wrap > .elementor-widget:not(.elementor-widget__width-auto):not(.elementor-widget__width-initial):not(:last-child):not(.elementor-absolute){margin-block-end:0px;}.elementor-1143 .elementor-element.elementor-element-1b5a20d5 > .elementor-element-populated, .elementor-1143 .elementor-element.elementor-element-1b5a20d5 > .elementor-element-populated > .elementor-background-overlay, .elementor-1143 .elementor-element.elementor-element-1b5a20d5 > .elementor-background-slideshow{border-radius:30px 30px 30px 30px;}.elementor-1143 .elementor-element.elementor-element-1b5a20d5 > .elementor-element-populated{transition:background 0.3s, border 0.3s, border-radius 0.3s, box-shadow 0.3s;margin:0px 0px 0px 0px;--e-column-margin-right:0px;--e-column-margin-left:0px;padding:0px 0px 0px 0px;}.elementor-1143 .elementor-element.elementor-element-1b5a20d5 > .elementor-element-populated > .elementor-background-overlay{transition:background 0.3s, border-radius 0.3s, opacity 0.3s;}.elementor-1143 .elementor-element.elementor-element-973b205 .tpg-post-holder div{text-align:center;}.elementor-1143 .elementor-element.elementor-element-973b205 .rt-tpg-container .rt-el-post-meta{justify-content:center;}.elementor-1143 .elementor-element.elementor-element-973b205 .rt-tpg-container .rt-holder .entry-title-wrapper{margin:20px 0px 20px 0px;}.elementor-1143 .elementor-element.elementor-element-973b205 .rt-tpg-container .entry-title-wrapper{min-height:0px;}.elementor-1143 .elementor-element.elementor-element-973b205 .tpg-el-main-wrapper .tpg-post-holder .entry-title:hover{color:var( --e-global-color-primary );}.elementor-1143 .elementor-element.elementor-element-973b205 .tpg-el-main-wrapper .tpg-el-image-wrap img{width:100%;}.elementor-1143 .elementor-element.elementor-element-973b205 .tpg-el-main-wrapper .tpg-el-image-wrap{margin:20px 0px 0px 0px;}.elementor-1143 .elementor-element.elementor-element-973b205 .tpg-el-main-wrapper .rt-holder:hover .tpg-el-image-wrap img{object-position:inherit;}.elementor-1143 .elementor-element.elementor-element-973b205 .rt-tpg-container .tpg-post-holder .rt-detail .read-more a{color:var( --e-global-color-primary );background-color:var( --e-global-color-accent );border-radius:32px 32px 32px 32px;border-style:solid;border-width:1px 1px 1px 1px;border-color:#D4D4D4;}body .elementor-1143 .elementor-element.elementor-element-973b205 .rt-tpg-container .tpg-post-holder .rt-detail .read-more a:hover{color:var( --e-global-color-c6dbb53 );border-style:solid;border-width:1px 1px 1px 1px;}body .elementor-1143 .elementor-element.elementor-element-973b205 .tpg-el-main-wrapper .tpg-post-holder{border-radius:6px 6px 6px 6px;overflow:hidden;background-color:#FFFFFF;box-shadow:0px 0px 10px 0px rgba(0, 0, 0, 0.07);}body .elementor-1143 .elementor-element.elementor-element-973b205 .rt-tpg-container .slider-layout13 .rt-holder .post-content{border-radius:6px 6px 6px 6px;overflow:hidden;}:root{--page-title-display:none;}@media(max-width:1024px) and (min-width:768px){.elementor-1143 .elementor-element.elementor-element-3bcbc105{width:100%;}.elementor-1143 .elementor-element.elementor-element-1b5a20d5{width:100%;}}@media(max-width:1024px){.elementor-1143 .elementor-element.elementor-element-436307be{margin-top:0px;margin-bottom:0px;padding:150px 20px 90px 20px;}.elementor-1143 .elementor-element.elementor-element-3bcbc105 > .elementor-widget-wrap > .elementor-widget:not(.elementor-widget__width-auto):not(.elementor-widget__width-initial):not(:last-child):not(.elementor-absolute){margin-block-end:0px;}.elementor-1143 .elementor-element.elementor-element-3be6121b .elementor-heading-title{font-size:var( --e-global-typography-f772385-font-size );line-height:var( --e-global-typography-f772385-line-height );letter-spacing:var( --e-global-typography-f772385-letter-spacing );word-spacing:var( --e-global-typography-f772385-word-spacing );}.elementor-1143 .elementor-element.elementor-element-3be6121b > .elementor-widget-container{margin:0px 80px 0px 80px;padding:0px 0px 15px 0px;}.elementor-1143 .elementor-element.elementor-element-54a37887{margin-top:0px;margin-bottom:0px;padding:50px 20px 70px 20px;}.elementor-1143 .elementor-element.elementor-element-1b5a20d5 > .elementor-widget-wrap > .elementor-widget:not(.elementor-widget__width-auto):not(.elementor-widget__width-initial):not(:last-child):not(.elementor-absolute){margin-block-end:0px;}.elementor-1143 .elementor-element.elementor-element-1b5a20d5 > .elementor-element-populated{margin:0px 0px 0px 0px;--e-column-margin-right:0px;--e-column-margin-left:0px;padding:0px 0px 0px 0px;}}@media(max-width:767px){.elementor-1143 .elementor-element.elementor-element-436307be{margin-top:0px;margin-bottom:0px;padding:150px 20px 80px 20px;}.elementor-1143 .elementor-element.elementor-element-3be6121b{text-align:center;}.elementor-1143 .elementor-element.elementor-element-3be6121b .elementor-heading-title{font-size:var( --e-global-typography-f772385-font-size );line-height:var( --e-global-typography-f772385-line-height );letter-spacing:var( --e-global-typography-f772385-letter-spacing );word-spacing:var( --e-global-typography-f772385-word-spacing );}.elementor-1143 .elementor-element.elementor-element-3be6121b > .elementor-widget-container{margin:0px 0px 0px 0px;padding:0px 0px 5px 0px;}.elementor-1143 .elementor-element.elementor-element-54a37887{margin-top:0px;margin-bottom:0px;padding:35px 20px 50px 20px;}.elementor-1143 .elementor-element.elementor-element-1b5a20d5{width:100%;}}<\/style>\t\t<div data-elementor-type=\"wp-page\" data-elementor-id=\"1143\" class=\"elementor elementor-1143\" data-elementor-post-type=\"page\">\n\t\t\t\t\t\t<section class=\"elementor-section elementor-top-section elementor-element elementor-element-436307be animated-slow elementor-section-boxed elementor-section-height-default elementor-section-height-default elementor-invisible\" data-id=\"436307be\" data-element_type=\"section\" data-e-type=\"section\" data-settings=\"{&quot;background_background&quot;:&quot;classic&quot;,&quot;animation&quot;:&quot;fadeIn&quot;}\">\n\t\t\t\t\t\t\t<div class=\"elementor-background-overlay\"><\/div>\n\t\t\t\t\t\t\t<div class=\"elementor-container elementor-column-gap-default\">\n\t\t\t\t\t<div class=\"elementor-column elementor-col-100 elementor-top-column elementor-element elementor-element-3bcbc105\" data-id=\"3bcbc105\" data-element_type=\"column\" data-e-type=\"column\">\n\t\t\t<div class=\"elementor-widget-wrap elementor-element-populated\">\n\t\t\t\t\t\t<div class=\"elementor-element elementor-element-3be6121b elementor-widget elementor-widget-heading\" data-id=\"3be6121b\" data-element_type=\"widget\" data-e-type=\"widget\" data-widget_type=\"heading.default\">\n\t\t\t\t<div class=\"elementor-widget-container\">\n\t\t\t\t\t<h2 class=\"elementor-heading-title elementor-size-default\">Terapias Integradas<\/h2>\t\t\t\t<\/div>\n\t\t\t\t<\/div>\n\t\t\t\t\t<\/div>\n\t\t<\/div>\n\t\t\t\t\t<\/div>\n\t\t<\/section>\n\t\t\t\t<section class=\"elementor-section elementor-top-section elementor-element elementor-element-54a37887 elementor-section-boxed elementor-section-height-default elementor-section-height-default elementor-invisible\" data-id=\"54a37887\" data-element_type=\"section\" data-e-type=\"section\" data-settings=\"{&quot;animation&quot;:&quot;slideInUp&quot;}\">\n\t\t\t\t\t\t<div class=\"elementor-container elementor-column-gap-default\">\n\t\t\t\t\t<div class=\"elementor-column elementor-col-100 elementor-top-column elementor-element elementor-element-1b5a20d5\" data-id=\"1b5a20d5\" data-element_type=\"column\" data-e-type=\"column\" data-settings=\"{&quot;animation&quot;:&quot;none&quot;,&quot;background_background&quot;:&quot;classic&quot;}\">\n\t\t\t<div class=\"elementor-widget-wrap elementor-element-populated\">\n\t\t\t\t\t\t<div class=\"elementor-element elementor-element-973b205 tpg-wrapper-align-center title_hover_border_disable title_position_default title-default img_hover_animation_default readmore-btn-default-style grid-hover-overlay-type-always tpg-el-box-border-enable tpg-border-bottom-disable elementor-widget elementor-widget-tpg-grid-layout\" data-id=\"973b205\" data-element_type=\"widget\" data-e-type=\"widget\" data-widget_type=\"tpg-grid-layout.default\">\n\t\t\t\t<div class=\"elementor-widget-container\">\n\t\t\t\t\t\t\t<div class=\"rt-container-fluid rt-tpg-container tpg-el-main-wrapper clearfix grid-layout4-main \"\n\t\t\t id=\"rt-tpg-container-3211118362\"\n\t\t\t data-layout=\"grid-layout4\"\n\t\t\t data-grid-style=\"tpg-full-height\"\n\t\t\t data-sc-id=\"elementor\"\n\t\t\t data-el-settings=''\n\t\t\t data-el-query=''\n\t\t\t data-el-path=''\n\t\t>\n\t\t\t\t\t\t<div class='tpg-header-wrapper '>\n\t\t\t\t\t\t\t<\/div>\n\n\t\t\t<div data-title=\"Loading ...\" class=\"rt-row rt-content-loader grid-layout4 grid-behaviour tpg-full-height grid_layout_wrapper\">\n\t\t\t\t\n<div class=\"rt-col-md-4 rt-col-sm-6 rt-col-xs-12 default rt-grid-item\" data-id=\"861\">\n\t<div class=\"rt-holder tpg-post-holder \">\n\t\t<div class=\"rt-detail rt-el-content-wrapper\">\n\t\t\t\t\t\t\t<div class=\"rt-img-holder tpg-el-image-wrap has-no-thumbnail\">\n\t\t\t\t\t<a data-id=\"861\" href=\"https:\/\/staging.clinicacingulus.com.br\/teste\/laserterapia\/\" class=\"tpg-post-link\" target=\"_self\"><img fetchpriority=\"high\" class='rt-img-responsive' src='https:\/\/staging.clinicacingulus.com.br\/teste\/wp-content\/uploads\/2025\/03\/laserterapia-terapias-alternativas.png' width=\"812\" height=\"928\" alt='LASERterapia'>\t\t\n\t\t<\/a>\n\t\t        <div class=\"overlay grid-hover-content\"><\/div>\n\t\t\t\t\t\t<\/div>\n\t\t\t\n\t\t\t<div class=\"entry-title-wrapper\"><h3 class=\"entry-title\"><a data-id=\"861\" href=\"https:\/\/staging.clinicacingulus.com.br\/teste\/laserterapia\/\" class=\"tpg-post-link\" target=\"_self\">LASERterapia<\/a><\/h3><\/div>\n\t\t\t\n\t\t\t\n\t\t\t        <div class=\"post-footer\">\n            <div class=\"post-footer\">\n                <div class=\"read-more\">\n\t\t\t\t\t<a data-id=\"861\" href=\"https:\/\/staging.clinicacingulus.com.br\/teste\/laserterapia\/\" class=\"tpg-post-link\" target=\"_self\">Saiba mais...<\/a>                <\/div>\n            <\/div>\n        <\/div>\n\t\t\t\t<\/div>\n\t<\/div>\n<\/div>\n\n<div class=\"rt-col-md-4 rt-col-sm-6 rt-col-xs-12 default rt-grid-item\" data-id=\"952\">\n\t<div class=\"rt-holder tpg-post-holder \">\n\t\t<div class=\"rt-detail rt-el-content-wrapper\">\n\t\t\t\t\t\t\t<div class=\"rt-img-holder tpg-el-image-wrap has-no-thumbnail\">\n\t\t\t\t\t<a data-id=\"952\" href=\"https:\/\/staging.clinicacingulus.com.br\/teste\/paralisia-facial\/\" class=\"tpg-post-link\" target=\"_self\"><img class='rt-img-responsive' src='https:\/\/staging.clinicacingulus.com.br\/teste\/wp-content\/uploads\/2025\/03\/paralisia-facial-4.png' width=\"820\" height=\"1110\" alt='Paralisia Facial'>\t\t\n\t\t<\/a>\n\t\t        <div class=\"overlay grid-hover-content\"><\/div>\n\t\t\t\t\t\t<\/div>\n\t\t\t\n\t\t\t<div class=\"entry-title-wrapper\"><h3 class=\"entry-title\"><a data-id=\"952\" href=\"https:\/\/staging.clinicacingulus.com.br\/teste\/paralisia-facial\/\" class=\"tpg-post-link\" target=\"_self\">Paralisia Facial<\/a><\/h3><\/div>\n\t\t\t\n\t\t\t\n\t\t\t        <div class=\"post-footer\">\n            <div class=\"post-footer\">\n                <div class=\"read-more\">\n\t\t\t\t\t<a data-id=\"952\" href=\"https:\/\/staging.clinicacingulus.com.br\/teste\/paralisia-facial\/\" class=\"tpg-post-link\" target=\"_self\">Saiba mais...<\/a>                <\/div>\n            <\/div>\n        <\/div>\n\t\t\t\t<\/div>\n\t<\/div>\n<\/div>\n\n<div class=\"rt-col-md-4 rt-col-sm-6 rt-col-xs-12 default rt-grid-item\" data-id=\"981\">\n\t<div class=\"rt-holder tpg-post-holder \">\n\t\t<div class=\"rt-detail rt-el-content-wrapper\">\n\t\t\t\t\t\t\t<div class=\"rt-img-holder tpg-el-image-wrap has-no-thumbnail\">\n\t\t\t\t\t<a data-id=\"981\" href=\"https:\/\/staging.clinicacingulus.com.br\/teste\/acupuntura\/\" class=\"tpg-post-link\" target=\"_self\"><img class='rt-img-responsive' src='https:\/\/staging.clinicacingulus.com.br\/teste\/wp-content\/uploads\/2025\/03\/acumputura-para-ansiedade.png' width=\"1196\" height=\"1174\" alt='Acupuntura'>\t\t\n\t\t<\/a>\n\t\t        <div class=\"overlay grid-hover-content\"><\/div>\n\t\t\t\t\t\t<\/div>\n\t\t\t\n\t\t\t<div class=\"entry-title-wrapper\"><h3 class=\"entry-title\"><a data-id=\"981\" href=\"https:\/\/staging.clinicacingulus.com.br\/teste\/acupuntura\/\" class=\"tpg-post-link\" target=\"_self\">Acupuntura<\/a><\/h3><\/div>\n\t\t\t\n\t\t\t\n\t\t\t        <div class=\"post-footer\">\n            <div class=\"post-footer\">\n                <div class=\"read-more\">\n\t\t\t\t\t<a data-id=\"981\" href=\"https:\/\/staging.clinicacingulus.com.br\/teste\/acupuntura\/\" class=\"tpg-post-link\" target=\"_self\">Saiba mais...<\/a>                <\/div>\n            <\/div>\n        <\/div>\n\t\t\t\t<\/div>\n\t<\/div>\n<\/div>\n\n<div class=\"rt-col-md-4 rt-col-sm-6 rt-col-xs-12 default rt-grid-item\" data-id=\"1155\">\n\t<div class=\"rt-holder tpg-post-holder \">\n\t\t<div class=\"rt-detail rt-el-content-wrapper\">\n\t\t\t\t\t\t\t<div class=\"rt-img-holder tpg-el-image-wrap has-no-thumbnail\">\n\t\t\t\t\t<a data-id=\"1155\" href=\"https:\/\/staging.clinicacingulus.com.br\/teste\/ilib-irradiacao-de-luz-sanguinea\/\" class=\"tpg-post-link\" target=\"_self\"><img loading=\"lazy\" class='rt-img-responsive' src='https:\/\/staging.clinicacingulus.com.br\/teste\/wp-content\/uploads\/2025\/04\/ilib.jpg' width=\"1301\" height=\"926\" alt='ILIB (Irradia\u00e7\u00e3o de Luz Sangu\u00ednea)'>\t\t\n\t\t<\/a>\n\t\t        <div class=\"overlay grid-hover-content\"><\/div>\n\t\t\t\t\t\t<\/div>\n\t\t\t\n\t\t\t<div class=\"entry-title-wrapper\"><h3 class=\"entry-title\"><a data-id=\"1155\" href=\"https:\/\/staging.clinicacingulus.com.br\/teste\/ilib-irradiacao-de-luz-sanguinea\/\" class=\"tpg-post-link\" target=\"_self\">ILIB (Irradia\u00e7\u00e3o de Luz Sangu\u00ednea)<\/a><\/h3><\/div>\n\t\t\t\n\t\t\t\n\t\t\t        <div class=\"post-footer\">\n            <div class=\"post-footer\">\n                <div class=\"read-more\">\n\t\t\t\t\t<a data-id=\"1155\" href=\"https:\/\/staging.clinicacingulus.com.br\/teste\/ilib-irradiacao-de-luz-sanguinea\/\" class=\"tpg-post-link\" target=\"_self\">Saiba mais...<\/a>                <\/div>\n            <\/div>\n        <\/div>\n\t\t\t\t<\/div>\n\t<\/div>\n<\/div>\n\t\t\t<\/div>\n\t\t\t\n\t\t<\/div>\n\t\t\t\t\t\t<\/div>\n\t\t\t\t<\/div>\n\t\t\t\t\t<\/div>\n\t\t<\/div>\n\t\t\t\t\t<\/div>\n\t\t<\/section>\n\t\t\t\t<\/div>\n\t\t","protected":false},"excerpt":{"rendered":"<p>Terapias Integradas LASERterapia Saiba mais&#8230; Paralisia Facial Saiba mais&#8230; Acupuntura Saiba mais&#8230; ILIB (Irradia\u00e7\u00e3o de Luz Sangu\u00ednea) Saiba mais&#8230;<\/p>\n","protected":false},"author":1,"featured_media":0,"parent":0,"menu_order":0,"comment_status":"closed","ping_status":"closed","template":"","meta":{"footnotes":""},"class_list":["post-1143","page","type-page","status-publish","hentry"],"yoast_head":"<!-- This site is optimized with the Yoast SEO Premium plugin v26.9 (Yoast SEO v27.0) - https:\/\/yoast.com\/product\/yoast-seo-premium-wordpress\/ -->\n<title>Terapias Integradas - Cl\u00ednica Cingulus<\/title>\n<meta name=\"description\" content=\"Tratamentos especializados para crian\u00e7as e adultos, ajudao a superar desafios de comunica\u00e7\u00e3o, alimenta\u00e7\u00e3o e desenvolvimento oral\" \/>\n<meta name=\"robots\" content=\"noindex, follow, max-snippet:-1, max-image-preview:large, max-video-preview:-1\" \/>\n<meta property=\"og:locale\" content=\"pt_BR\" \/>\n<meta property=\"og:type\" content=\"article\" \/>\n<meta property=\"og:title\" content=\"Terapias Integradas\" \/>\n<meta property=\"og:description\" content=\"Tratamentos especializados para crian\u00e7as e adultos, ajudao a superar desafios de comunica\u00e7\u00e3o, alimenta\u00e7\u00e3o e desenvolvimento oral\" \/>\n<meta property=\"og:url\" content=\"https:\/\/staging.clinicacingulus.com.br\/teste\/fonoaudiologia-2\/\" \/>\n<meta property=\"og:site_name\" content=\"Cl\u00ednica Cingulus\" \/>\n<meta property=\"article:modified_time\" content=\"2025-06-09T02:06:18+00:00\" \/>\n<meta property=\"og:image\" content=\"https:\/\/staging.clinicacingulus.com.br\/teste\/wp-content\/uploads\/2025\/03\/laserterapia-terapias-alternativas.png\" \/>\n<meta name=\"twitter:card\" content=\"summary_large_image\" \/>\n<meta name=\"twitter:label1\" content=\"Est. tempo de leitura\" \/>\n\t<meta name=\"twitter:data1\" content=\"1 minuto\" \/>\n<script type=\"application\/ld+json\" class=\"yoast-schema-graph\">{\"@context\":\"https:\/\/schema.org\",\"@graph\":[{\"@type\":\"WebPage\",\"@id\":\"https:\/\/staging.clinicacingulus.com.br\/teste\/fonoaudiologia-2\/\",\"url\":\"https:\/\/staging.clinicacingulus.com.br\/teste\/fonoaudiologia-2\/\",\"name\":\"Terapias Integradas - Cl\u00ednica Cingulus\",\"isPartOf\":{\"@id\":\"https:\/\/staging.clinicacingulus.com.br\/teste\/#website\"},\"primaryImageOfPage\":{\"@id\":\"https:\/\/staging.clinicacingulus.com.br\/teste\/fonoaudiologia-2\/#primaryimage\"},\"image\":{\"@id\":\"https:\/\/staging.clinicacingulus.com.br\/teste\/fonoaudiologia-2\/#primaryimage\"},\"thumbnailUrl\":\"https:\/\/staging.clinicacingulus.com.br\/teste\/wp-content\/uploads\/2025\/03\/laserterapia-terapias-alternativas.png\",\"datePublished\":\"2025-04-03T11:48:46+00:00\",\"dateModified\":\"2025-06-09T02:06:18+00:00\",\"description\":\"Tratamentos especializados para crian\u00e7as e adultos, ajuda\\\\o a superar desafios de comunica\u00e7\u00e3o, alimenta\u00e7\u00e3o e desenvolvimento oral\",\"breadcrumb\":{\"@id\":\"https:\/\/staging.clinicacingulus.com.br\/teste\/fonoaudiologia-2\/#breadcrumb\"},\"inLanguage\":\"pt-BR\",\"potentialAction\":[{\"@type\":\"ReadAction\",\"target\":[\"https:\/\/staging.clinicacingulus.com.br\/teste\/fonoaudiologia-2\/\"]}]},{\"@type\":\"ImageObject\",\"inLanguage\":\"pt-BR\",\"@id\":\"https:\/\/staging.clinicacingulus.com.br\/teste\/fonoaudiologia-2\/#primaryimage\",\"url\":\"https:\/\/staging.clinicacingulus.com.br\/teste\/wp-content\/uploads\/2025\/03\/laserterapia-terapias-alternativas.png\",\"contentUrl\":\"https:\/\/staging.clinicacingulus.com.br\/teste\/wp-content\/uploads\/2025\/03\/laserterapia-terapias-alternativas.png\",\"width\":812,\"height\":928},{\"@type\":\"BreadcrumbList\",\"@id\":\"https:\/\/staging.clinicacingulus.com.br\/teste\/fonoaudiologia-2\/#breadcrumb\",\"itemListElement\":[{\"@type\":\"ListItem\",\"position\":1,\"name\":\"Home\",\"item\":\"https:\/\/staging.clinicacingulus.com.br\/teste\/\"},{\"@type\":\"ListItem\",\"position\":2,\"name\":\"Terapias Integradas\"}]},{\"@type\":\"WebSite\",\"@id\":\"https:\/\/staging.clinicacingulus.com.br\/teste\/#website\",\"url\":\"https:\/\/staging.clinicacingulus.com.br\/teste\/\",\"name\":\"Cl\u00ednica Cingulus\",\"description\":\"\",\"potentialAction\":[{\"@type\":\"SearchAction\",\"target\":{\"@type\":\"EntryPoint\",\"urlTemplate\":\"https:\/\/staging.clinicacingulus.com.br\/teste\/?s={search_term_string}\"},\"query-input\":{\"@type\":\"PropertyValueSpecification\",\"valueRequired\":true,\"valueName\":\"search_term_string\"}}],\"inLanguage\":\"pt-BR\"}]}<\/script>\n<!-- \/ Yoast SEO Premium plugin. -->","yoast_head_json":{"title":"Terapias Integradas - Cl\u00ednica Cingulus","description":"Tratamentos especializados para crian\u00e7as e adultos, ajudao a superar desafios de comunica\u00e7\u00e3o, alimenta\u00e7\u00e3o e desenvolvimento oral","robots":{"index":"noindex","follow":"follow","max-snippet":"max-snippet:-1","max-image-preview":"max-image-preview:large","max-video-preview":"max-video-preview:-1"},"og_locale":"pt_BR","og_type":"article","og_title":"Terapias Integradas","og_description":"Tratamentos especializados para crian\u00e7as e adultos, ajudao a superar desafios de comunica\u00e7\u00e3o, alimenta\u00e7\u00e3o e desenvolvimento oral","og_url":"https:\/\/staging.clinicacingulus.com.br\/teste\/fonoaudiologia-2\/","og_site_name":"Cl\u00ednica Cingulus","article_modified_time":"2025-06-09T02:06:18+00:00","og_image":[{"url":"https:\/\/staging.clinicacingulus.com.br\/teste\/wp-content\/uploads\/2025\/03\/laserterapia-terapias-alternativas.png","type":"","width":"","height":""}],"twitter_card":"summary_large_image","twitter_misc":{"Est. tempo de leitura":"1 minuto"},"schema":{"@context":"https:\/\/schema.org","@graph":[{"@type":"WebPage","@id":"https:\/\/staging.clinicacingulus.com.br\/teste\/fonoaudiologia-2\/","url":"https:\/\/staging.clinicacingulus.com.br\/teste\/fonoaudiologia-2\/","name":"Terapias Integradas - Cl\u00ednica Cingulus","isPartOf":{"@id":"https:\/\/staging.clinicacingulus.com.br\/teste\/#website"},"primaryImageOfPage":{"@id":"https:\/\/staging.clinicacingulus.com.br\/teste\/fonoaudiologia-2\/#primaryimage"},"image":{"@id":"https:\/\/staging.clinicacingulus.com.br\/teste\/fonoaudiologia-2\/#primaryimage"},"thumbnailUrl":"https:\/\/staging.clinicacingulus.com.br\/teste\/wp-content\/uploads\/2025\/03\/laserterapia-terapias-alternativas.png","datePublished":"2025-04-03T11:48:46+00:00","dateModified":"2025-06-09T02:06:18+00:00","description":"Tratamentos especializados para crian\u00e7as e adultos, ajuda\\o a superar desafios de comunica\u00e7\u00e3o, alimenta\u00e7\u00e3o e desenvolvimento oral","breadcrumb":{"@id":"https:\/\/staging.clinicacingulus.com.br\/teste\/fonoaudiologia-2\/#breadcrumb"},"inLanguage":"pt-BR","potentialAction":[{"@type":"ReadAction","target":["https:\/\/staging.clinicacingulus.com.br\/teste\/fonoaudiologia-2\/"]}]},{"@type":"ImageObject","inLanguage":"pt-BR","@id":"https:\/\/staging.clinicacingulus.com.br\/teste\/fonoaudiologia-2\/#primaryimage","url":"https:\/\/staging.clinicacingulus.com.br\/teste\/wp-content\/uploads\/2025\/03\/laserterapia-terapias-alternativas.png","contentUrl":"https:\/\/staging.clinicacingulus.com.br\/teste\/wp-content\/uploads\/2025\/03\/laserterapia-terapias-alternativas.png","width":812,"height":928},{"@type":"BreadcrumbList","@id":"https:\/\/staging.clinicacingulus.com.br\/teste\/fonoaudiologia-2\/#breadcrumb","itemListElement":[{"@type":"ListItem","position":1,"name":"Home","item":"https:\/\/staging.clinicacingulus.com.br\/teste\/"},{"@type":"ListItem","position":2,"name":"Terapias Integradas"}]},{"@type":"WebSite","@id":"https:\/\/staging.clinicacingulus.com.br\/teste\/#website","url":"https:\/\/staging.clinicacingulus.com.br\/teste\/","name":"Cl\u00ednica Cingulus","description":"","potentialAction":[{"@type":"SearchAction","target":{"@type":"EntryPoint","urlTemplate":"https:\/\/staging.clinicacingulus.com.br\/teste\/?s={search_term_string}"},"query-input":{"@type":"PropertyValueSpecification","valueRequired":true,"valueName":"search_term_string"}}],"inLanguage":"pt-BR"}]}},"rttpg_featured_image_url":null,"rttpg_author":{"display_name":"admin","author_link":"https:\/\/staging.clinicacingulus.com.br\/teste\/author\/clinicac\/"},"rttpg_comment":0,"rttpg_category":null,"rttpg_excerpt":"Terapias Integradas LASERterapia Saiba mais&#8230; Paralisia Facial Saiba mais&#8230; Acupuntura Saiba mais&#8230; ILIB (Irradia\u00e7\u00e3o de Luz Sangu\u00ednea) Saiba mais&#8230;","_links":{"self":[{"href":"https:\/\/staging.clinicacingulus.com.br\/teste\/wp-json\/wp\/v2\/pages\/1143","targetHints":{"allow":["GET"]}}],"collection":[{"href":"https:\/\/staging.clinicacingulus.com.br\/teste\/wp-json\/wp\/v2\/pages"}],"about":[{"href":"https:\/\/staging.clinicacingulus.com.br\/teste\/wp-json\/wp\/v2\/types\/page"}],"author":[{"embeddable":true,"href":"https:\/\/staging.clinicacingulus.com.br\/teste\/wp-json\/wp\/v2\/users\/1"}],"replies":[{"embeddable":true,"href":"https:\/\/staging.clinicacingulus.com.br\/teste\/wp-json\/wp\/v2\/comments?post=1143"}],"version-history":[{"count":15,"href":"https:\/\/staging.clinicacingulus.com.br\/teste\/wp-json\/wp\/v2\/pages\/1143\/revisions"}],"predecessor-version":[{"id":1202,"href":"https:\/\/staging.clinicacingulus.com.br\/teste\/wp-json\/wp\/v2\/pages\/1143\/revisions\/1202"}],"wp:attachment":[{"href":"https:\/\/staging.clinicacingulus.com.br\/teste\/wp-json\/wp\/v2\/media?parent=1143"}],"curies":[{"name":"wp","href":"https:\/\/api.w.org\/{rel}","templated":true}]}}